{"id":23,"date":"2016-03-15T12:07:48","date_gmt":"2016-03-15T11:07:48","guid":{"rendered":"http:\/\/kanzlei-werts.de\/wordpress\/?page_id=23"},"modified":"2025-09-17T15:13:41","modified_gmt":"2025-09-17T13:13:41","slug":"impressum","status":"publish","type":"page","link":"https:\/\/kanzlei-werts.de\/index.php\/impressum\/","title":{"rendered":"Impressum"},"content":{"rendered":"<p>[vc_row row_type=&#8220;row&#8220; type=&#8220;full_width&#8220; text_align=&#8220;left&#8220; video=&#8220;&#8220; css_animation=&#8220;&#8220;][vc_column][vc_single_image image=&#8220;73&#8243; img_size=&#8220;full&#8220; qode_css_animation=&#8220;&#8220;][\/vc_column][\/vc_row][vc_row row_type=&#8220;row&#8220; type=&#8220;full_width&#8220; text_align=&#8220;left&#8220; video=&#8220;&#8220; css_animation=&#8220;&#8220;][vc_column][vc_empty_space][vc_custom_heading text=&#8220;Impressum &#8220; google_fonts=&#8220;font_family:Montserrat%3Aregular%2C700|font_style:400%20regular%3A400%3Anormal&#8220;][\/vc_column][\/vc_row][vc_row row_type=&#8220;row&#8220; type=&#8220;full_width&#8220; text_align=&#8220;left&#8220; video=&#8220;&#8220; css_animation=&#8220;&#8220;][vc_column][vc_empty_space][\/vc_column][\/vc_row][vc_row row_type=&#8220;row&#8220; type=&#8220;full_width&#8220; text_align=&#8220;left&#8220; video=&#8220;&#8220; css_animation=&#8220;&#8220;][vc_column][vc_column_text]<strong>Silke Werts<\/strong><\/p>\n<p>Dr.-Ernst-Derra-Str. 4<\/p>\n<p>94036 Passau<\/p>\n<p>Tel: 0851-988596-0<\/p>\n<p>Fax: 0851-988596-10<br \/>\nemail: <a href=\"mailto:info@kanzlei-werts.de\">info@kanzlei-werts.de<\/a><\/p>\n<p>Internet: www.kanzlei-werts.de<\/p>\n<p>&nbsp;<\/p>\n<p>Vertretungberechtigt: Silke Werts<\/p>\n<p>USt-IdNr.: DE188813136<\/p>\n<p>&nbsp;<\/p>\n<p>Silke Werts ist in der Bundesrepublik Deutschland als Rechtsanw\u00e4ltin t\u00e4tig. Sie ist Mitglied der Rechtsanwaltskammer f\u00fcr den Oberlandesgerichtsbezirk M\u00fcnchen, Tal 33, 80331 M\u00fcnchen.<\/p>\n<p>Die Berufsbezeichnung Rechtsanwalt wurde in der Bundesrepublik Deutschland verliehen (\u00a7 5 Abs. 1 Nr. 5 lit. b TMG).<\/p>\n<p>&nbsp;<\/p>\n<p><strong>Kammer und Aufsichtsbeh\u00f6rde:<\/strong><strong>\u2028<\/strong><br \/>\nRechtsanwaltskammer M\u00fcnchen<br \/>\nTal 33, 80331 M\u00fcnchen<\/p>\n<p>(F\u00fcr Insolvenzverwalter besteht keine Berufskammer. Sie unterstehen der Aufsicht des jeweils zust\u00e4ndigen Amtsgerichts \u2013 Insolvenzgericht \u2013 im konkreten Insolvenzverfahren.)<\/p>\n<p>&nbsp;<\/p>\n<p><strong>Berufshaftpflichtversicherung:<\/strong><strong>\u2028<\/strong><br \/>\nAXA Versicherung AG\u2028Colonia-Allee 10-20, 51067 K\u00f6ln<br \/>\nr\u00e4umlicher Geltungsbereich der Versicherung: Deutschland<\/p>\n<p>Die einschl\u00e4gigen berufsrechtlichen Regelungen (Bundesrechtsanwaltsordnung, Berufsordnung f\u00fcr Rechtsanw\u00e4lte, Rechtsanwaltsverg\u00fctungsgesetz, Berufsregeln der Rechtsanw\u00e4lte der Europ\u00e4ischen Union, Fachanwaltsordnung) sind auf der Internetseite der Bundesrechtsanwaltskammer www.brak.de, dort unter der Rubrik \u201cBerufsrecht\u201d abrufbar. Weitere berufsrechtliche Regelungen f\u00fcr den Bereich der Insolvenzverwaltung sind die Insolvenzordnung, die Europ\u00e4ische Insolvenzordnung und die Insolvenzrechtliche Verg\u00fctungsverordnung.<\/p>\n<p><strong><br \/>\nHinweis:<\/strong><strong>\u2028<\/strong><br \/>\nDie Informationen auf diesen Internetseiten dienen nur der allgemeinen Information, nicht der Beratung im Einzelfall.<\/p>\n<p>&nbsp;<\/p>\n<p><strong>Haftungsbeschr\u00e4nkung:<\/strong><strong>\u2028<\/strong><br \/>\nIch habe alle bereitgestellten Informationen nach bestem Wissen und Gewissen erarbeitet und sorgf\u00e4ltig gepr\u00fcft. Es wird keine Gew\u00e4hr f\u00fcr die Aktualit\u00e4t, Richtigkeit, Vollst\u00e4ndigkeit oder Qualit\u00e4t und jederzeitige Verf\u00fcgbarkeit der bereitgestellten Informationen \u00fcbernommen. F\u00fcr das von mir bereitgestellte Informationsangebot gilt folgende Haftungsbeschr\u00e4nkung:<\/p>\n<p>Ich hafte nicht f\u00fcr Sch\u00e4den, die durch die Nutzung oder Nichtnutzung der in meinem Internetangebot angebotenen Informationen entstehen. F\u00fcr etwaige Sch\u00e4den, die beim Aufrufen oder Herunterladen von Daten durch Computerviren oder der Installation oder Nutzung von Software verursacht werden, wird ebenfalls nicht gehaftet. \u00a7 675 Abs. 2 BGB bleibt unber\u00fchrt.<\/p>\n<p>&nbsp;<\/p>\n<p><strong>Vorbehalt:<br \/>\n<\/strong>Ich behalte mir ausdr\u00fccklich vor, einzelne Seiten, Inhalte, Rubriken oder auch das ganze Internetangebot ohne Ank\u00fcndigung zu ver\u00e4ndern, zu erg\u00e4nzen, zu l\u00f6schen oder die Ver\u00f6ffentlichung vor\u00fcbergehend oder dauerhaft einzustellen.<\/p>\n<p>&nbsp;<\/p>\n<p><strong>Haftung f\u00fcr Inhalte:<br \/>\n<\/strong>Als Diensteanbieter sind wir gem\u00e4\u00df \u00a7 7 Abs.1 TMG f\u00fcr eigene Inhalte auf diesen Seiten nach den allgemeinen Gesetzen verantwortlich. Nach \u00a7\u00a7 8 bis 10 TMG sind wir als Diensteanbieter jedoch nicht verpflichtet, \u00fcbermittelte oder gespeicherte fremde Informationen zu \u00fcberwachen oder nach Umst\u00e4nden zu forschen, die auf eine rechtswidrige T\u00e4tigkeit hinweisen.<\/p>\n<p>Verpflichtungen zur Entfernung oder Sperrung der Nutzung von Informationen nach den allgemeinen Gesetzen bleiben hiervon unber\u00fchrt. Eine diesbez\u00fcgliche Haftung ist jedoch erst ab dem Zeitpunkt der Kenntnis einer konkreten Rechtsverletzung m\u00f6glich. Bei Bekanntwerden von entsprechenden Rechtsverletzungen werden wir diese Inhalte umgehend entfernen.<\/p>\n<p>&nbsp;<\/p>\n<p><strong>Haftung f\u00fcr Links:<\/strong><br \/>\nUnser Angebot enth\u00e4lt Links zu externen Websites Dritter, auf deren Inhalte wir keinen Einfluss haben. Deshalb k\u00f6nnen wir f\u00fcr diese fremden Inhalte auch keine Gew\u00e4hr \u00fcbernehmen. F\u00fcr die Inhalte der verlinkten Seiten ist stets der jeweilige Anbieter oder Betreiber der Seiten verantwortlich. Die verlinkten Seiten wurden zum Zeitpunkt der Verlinkung auf m\u00f6gliche Rechtsverst\u00f6\u00dfe \u00fcberpr\u00fcft. Rechtswidrige Inhalte waren zum Zeitpunkt der Verlinkung nicht erkennbar.<\/p>\n<p>Eine permanente inhaltliche Kontrolle der verlinkten Seiten ist jedoch ohne konkrete Anhaltspunkte einer Rechtsverletzung nicht zumutbar. Bei Bekanntwerden von Rechtsverletzungen werden wir derartige Links umgehend entfernen.<\/p>\n<p>&nbsp;<\/p>\n<p><strong>Urheberrecht:<br \/>\n<\/strong>Die durch die Seitenbetreiber erstellten Inhalte und Werke auf diesen Seiten unterliegen dem deutschen Urheberrecht. Die Vervielf\u00e4ltigung, Bearbeitung, Verbreitung und jede Art der Verwertung au\u00dferhalb der Grenzen des Urheberrechtes bed\u00fcrfen der schriftlichen Zustimmung des jeweiligen Autors bzw. Erstellers. Downloads und Kopien dieser Seite sind nur f\u00fcr den privaten, nicht kommerziellen Gebrauch gestattet.<\/p>\n<p>Soweit die Inhalte auf dieser Seite nicht vom Betreiber erstellt wurden, werden die Urheberrechte Dritter beachtet. Insbesondere werden Inhalte Dritter als solche gekennzeichnet. Sollten Sie trotzdem auf eine Urheberrechtsverletzung aufmerksam werden, bitten wir um einen entsprechenden Hinweis. Bei Bekanntwerden von Rechtsverletzungen werden wir derartige Inhalte umgehend entfernen.<\/p>\n<p>&nbsp;<\/p>\n<p>Webdesign: Bettina Fersch, <a href=\"http:\/\/www.kreativ-fluss.de\" target=\"_blank\" rel=\"noopener\">lumini &#8211; Agentur f\u00fcr Werbung.<\/a><\/p>\n<p>Silke Werts \u00a9 2025[\/vc_column_text][vc_empty_space][\/vc_column][\/vc_row]<\/p>\n","protected":false},"excerpt":{"rendered":"<p>[vc_row row_type=&#8220;row&#8220; type=&#8220;full_width&#8220; text_align=&#8220;left&#8220; video=&#8220;&#8220; css_animation=&#8220;&#8220;][vc_column][vc_single_image image=&#8220;73&#8243; img_size=&#8220;full&#8220; qode_css_animation=&#8220;&#8220;][\/vc_column][\/vc_row][vc_row row_type=&#8220;row&#8220; type=&#8220;full_width&#8220; text_align=&#8220;left&#8220; video=&#8220;&#8220; css_animation=&#8220;&#8220;][vc_column][vc_empty_space][vc_custom_heading text=&#8220;Impressum &#8220; google_fonts=&#8220;font_family:Montserrat%3Aregular%2C700|font_style:400%20regular%3A400%3Anormal&#8220;][\/vc_column][\/vc_row][vc_row row_type=&#8220;row&#8220; type=&#8220;full_width&#8220; text_align=&#8220;left&#8220; video=&#8220;&#8220; css_animation=&#8220;&#8220;][vc_column][vc_empty_space][\/vc_column][\/vc_row][vc_row row_type=&#8220;row&#8220; type=&#8220;full_width&#8220; text_align=&#8220;left&#8220; video=&#8220;&#8220; css_animation=&#8220;&#8220;][vc_column][vc_column_text]Silke Werts Dr.-Ernst-Derra-Str. 4 94036 Passau Tel: 0851-988596-0 Fax: 0851-988596-10 email: info@kanzlei-werts.de Internet: www.kanzlei-werts.de &nbsp; Vertretungberechtigt: Silke Werts USt-IdNr.:&#8230;<\/p>\n","protected":false},"author":1,"featured_media":0,"parent":0,"menu_order":0,"comment_status":"closed","ping_status":"closed","template":"","meta":[],"_links":{"self":[{"href":"https:\/\/kanzlei-werts.de\/index.php\/wp-json\/wp\/v2\/pages\/23"}],"collection":[{"href":"https:\/\/kanzlei-werts.de\/index.php\/wp-json\/wp\/v2\/pages"}],"about":[{"href":"https:\/\/kanzlei-werts.de\/index.php\/wp-json\/wp\/v2\/types\/page"}],"author":[{"embeddable":true,"href":"https:\/\/kanzlei-werts.de\/index.php\/wp-json\/wp\/v2\/users\/1"}],"replies":[{"embeddable":true,"href":"https:\/\/kanzlei-werts.de\/index.php\/wp-json\/wp\/v2\/comments?post=23"}],"version-history":[{"count":30,"href":"https:\/\/kanzlei-werts.de\/index.php\/wp-json\/wp\/v2\/pages\/23\/revisions"}],"predecessor-version":[{"id":308,"href":"https:\/\/kanzlei-werts.de\/index.php\/wp-json\/wp\/v2\/pages\/23\/revisions\/308"}],"wp:attachment":[{"href":"https:\/\/kanzlei-werts.de\/index.php\/wp-json\/wp\/v2\/media?parent=23"}],"curies":[{"name":"wp","href":"https:\/\/api.w.org\/{rel}","templated":true}]}}