{"id":6,"date":"2016-03-15T11:45:55","date_gmt":"2016-03-15T10:45:55","guid":{"rendered":"http:\/\/kanzlei-werts.de\/wordpress\/?page_id=6"},"modified":"2024-09-10T09:22:58","modified_gmt":"2024-09-10T07:22:58","slug":"home","status":"publish","type":"page","link":"https:\/\/kanzlei-werts.de\/","title":{"rendered":"Home"},"content":{"rendered":"<p>[vc_row row_type=&#8220;row&#8220; type=&#8220;full_width&#8220; text_align=&#8220;left&#8220; video=&#8220;&#8220; css_animation=&#8220;&#8220;][vc_column][vc_single_image image=&#8220;62&#8243; img_size=&#8220;full&#8220; qode_css_animation=&#8220;&#8220;][vc_empty_space][vc_custom_heading text=&#8220;pers\u00f6nlich. kompetent. vertrauensvoll.&#8220; google_fonts=&#8220;font_family:Montserrat%3Aregular%2C700|font_style:400%20regular%3A400%3Anormal&#8220;][vc_empty_space][vc_column_text]Das pers\u00f6nliche Gespr\u00e4ch mit meinen Mandanten ist mir besonders wichtig, da es der Einstieg in eine vertrauensvolle Zusammenarbeit ist und den Grundstein f\u00fcr individuelle und ma\u00dfgeschneiderte L\u00f6sungen legt.<\/p>\n<p>Bei Bedarf kann ich auf ein funktionierendes und hocheffizientes Netzwerk zur\u00fcckgreifen. Komplexe Themen und\u00a0Sachverhalte werden gemeinsam\u00a0mit externen Spezialisten wie Steuerberatern und Wirtschaftspr\u00fcfern bearbeitet und dabei haben wir immer f\u00fcr Sie das \u00f6konomisch und juristisch Bestm\u00f6gliche im Blick.<\/p>\n<p>Ich berate Sie gerne und freue mich \u00fcber Ihre Kontaktaufnahme &#8211; telefonisch oder per eMail\u00a0an <a href=\"mailto:info@kanzlei-werts.de\">info@kanzlei-werts.de<\/a>.[\/vc_column_text][\/vc_column][\/vc_row][vc_row row_type=&#8220;row&#8220; type=&#8220;full_width&#8220; text_align=&#8220;left&#8220; video=&#8220;&#8220; css_animation=&#8220;&#8220;][vc_column][vc_empty_space][\/vc_column][\/vc_row][vc_row row_type=&#8220;row&#8220; type=&#8220;full_width&#8220; text_align=&#8220;left&#8220; video=&#8220;&#8220; css_animation=&#8220;&#8220;][vc_column][vc_accordion active_tab=&#8220;false&#8220; collapsible=&#8220;yes&#8220; style=&#8220;accordion&#8220;][vc_accordion_tab title=&#8220;Bitte beachten Sie unsere \u00d6ffnungszeiten &#8230;&#8220; title_tag=&#8220;h4&#8243;][vc_column_text]<\/p>\n<ul>\n<li style=\"list-style-type: none;\">\n<ul>\n<li>Montag &#8211; Freitag von 8.00 Uhr bis 12.30 Uhr<\/li>\n<\/ul>\n<\/li>\n<\/ul>\n<p>[\/vc_column_text][\/vc_accordion_tab][\/vc_accordion][vc_empty_space][\/vc_column][\/vc_row]<\/p>\n","protected":false},"excerpt":{"rendered":"<p>[vc_row row_type=&#8220;row&#8220; type=&#8220;full_width&#8220; text_align=&#8220;left&#8220; video=&#8220;&#8220; css_animation=&#8220;&#8220;][vc_column][vc_single_image image=&#8220;62&#8243; img_size=&#8220;full&#8220; qode_css_animation=&#8220;&#8220;][vc_empty_space][vc_custom_heading text=&#8220;pers\u00f6nlich. kompetent. vertrauensvoll.&#8220; google_fonts=&#8220;font_family:Montserrat%3Aregular%2C700|font_style:400%20regular%3A400%3Anormal&#8220;][vc_empty_space][vc_column_text]Das pers\u00f6nliche Gespr\u00e4ch mit meinen Mandanten ist mir besonders wichtig, da es der Einstieg in eine vertrauensvolle Zusammenarbeit ist und den Grundstein f\u00fcr individuelle und ma\u00dfgeschneiderte L\u00f6sungen legt. Bei Bedarf kann ich auf&#8230;<\/p>\n","protected":false},"author":1,"featured_media":0,"parent":0,"menu_order":0,"comment_status":"closed","ping_status":"closed","template":"","meta":[],"_links":{"self":[{"href":"https:\/\/kanzlei-werts.de\/index.php\/wp-json\/wp\/v2\/pages\/6"}],"collection":[{"href":"https:\/\/kanzlei-werts.de\/index.php\/wp-json\/wp\/v2\/pages"}],"about":[{"href":"https:\/\/kanzlei-werts.de\/index.php\/wp-json\/wp\/v2\/types\/page"}],"author":[{"embeddable":true,"href":"https:\/\/kanzlei-werts.de\/index.php\/wp-json\/wp\/v2\/users\/1"}],"replies":[{"embeddable":true,"href":"https:\/\/kanzlei-werts.de\/index.php\/wp-json\/wp\/v2\/comments?post=6"}],"version-history":[{"count":29,"href":"https:\/\/kanzlei-werts.de\/index.php\/wp-json\/wp\/v2\/pages\/6\/revisions"}],"predecessor-version":[{"id":298,"href":"https:\/\/kanzlei-werts.de\/index.php\/wp-json\/wp\/v2\/pages\/6\/revisions\/298"}],"wp:attachment":[{"href":"https:\/\/kanzlei-werts.de\/index.php\/wp-json\/wp\/v2\/media?parent=6"}],"curies":[{"name":"wp","href":"https:\/\/api.w.org\/{rel}","templated":true}]}}